{"id":591,"date":"2025-12-10T01:40:14","date_gmt":"2025-12-10T00:40:14","guid":{"rendered":"https:\/\/erof-bf.com\/?page_id=591"},"modified":"2026-01-14T17:10:08","modified_gmt":"2026-01-14T16:10:08","slug":"notre-expertise","status":"publish","type":"page","link":"https:\/\/erof-bf.com\/en\/notre-expertise\/","title":{"rendered":"Our expertise"},"content":{"rendered":"<div data-elementor-type=\"wp-page\" data-elementor-id=\"591\" class=\"elementor elementor-591\">\n\t\t\t\t<div class=\"elementor-element elementor-element-fef8bcd e-con-full e-flex e-con e-parent\" data-id=\"fef8bcd\" data-element_type=\"container\">\n\t\t\t\t<div class=\"elementor-element elementor-element-5ae1dd7 elementor-widget elementor-widget-html\" data-id=\"5ae1dd7\" data-element_type=\"widget\" data-widget_type=\"html.default\">\n\t\t\t\t\t\n\n    <style>\n        .gradient-border {\n            position: relative;\n            border-radius: 2rem;\n            background: linear-gradient(white, white) padding-box,\n                        linear-gradient(135deg, #1D4E89, #F04438) border-box;\n            border: 2px solid transparent;\n        }\n        .hero-pattern {\n            background-color: #0B1A2D;\n            background-image: radial-gradient(at 0% 0%, rgba(29, 78, 137, 0.3) 0, transparent 50%), \n                              radial-gradient(at 100% 100%, rgba(240, 68, 56, 0.1) 0, transparent 50%);\n        }\n        .text-reveal {\n            background: linear-gradient(to right, #1D4E89, #F04438);\n            -webkit-background-clip: text;\n            -webkit-text-fill-color: transparent;\n        }\n        .feature-icon {\n            box-shadow: 0 10px 20px -5px rgba(240, 68, 56, 0.3);\n        }\n    <\/style>\n\n\n    <section class=\"hero-pattern pt-40 pb-24 text-white relative\">\n        <div class=\"container mx-auto px-6 text-center\">\n            <h2 class=\"text-erofOrange font-display font-bold uppercase tracking-[0.5em] text-xs mb-6\">Domaines d'Intervention<\/h2>\n            <h1 class=\"text-6xl lg:text-8xl font-black leading-none mb-8 text-white\">\n                L'Ing\u00e9nierie <br> <span class=\"text-reveal\">Sans Limites.<\/span>\n            <\/h1>\n            <p class=\"text-xl text-slate-400 max-w-3xl mx-auto leading-relaxed\">\n                EROF SA d\u00e9ploie une expertise pluridisciplinaire pour g\u00e9rer des projets complexes de bout en bout, en garantissant coh\u00e9rence et efficacit\u00e9 \u00e0 chaque \u00e9tape.\n            <\/p>\n        <\/div>\n    <\/section>\n\n    <section class=\"py-24 bg-white\">\n        <div class=\"container mx-auto px-6\">\n            <div class=\"flex flex-col lg:flex-row gap-16 items-center\">\n                <div class=\"lg:w-1\/2 space-y-8\">\n                    <div class=\"w-20 h-20 bg-erofBlue\/10 rounded-3xl flex items-center justify-center text-erofBlue text-4xl feature-icon\">\n                        <i class=\"fas fa-bolt\"><\/i>\n                    <\/div>\n                    <h3 class=\"text-5xl font-black text-erofBlueDark tracking-tighter italic\">Energy &amp; <br>Electricity<\/h3>\n                    <p class=\"text-lg text-slate-600\">Cutting-edge expertise covering all power supply and distribution needs.<\/p>\n                    \n                    <div class=\"grid sm:grid-cols-2 gap-6\">\n                        <div class=\"p-6 gradient-border\">\n                            <h4 class=\"font-black text-erofBlue mb-3 uppercase text-sm\">R\u00e9seaux de Transport<\/h4>\n                            <ul class=\"text-sm text-slate-500 space-y-2\">\n                                <li>\u2022 Haute Tension (HTA) <\/li>\n                                <li>\u2022 Moyenne Tension (MTA)<\/li>\n                                <li>\u2022 Basse Tension (BTA)<\/li>\n                            <\/ul>\n                        <\/div>\n                        <div class=\"p-6 gradient-border\">\n                            <h4 class=\"font-black text-erofBlue mb-3 uppercase text-sm\">\u00c9nergie Critique<\/h4>\n                            <ul class=\"text-sm text-slate-500 space-y-2\">\n                                <li>\u2022 Groupes \u00e9lectrog\u00e8nes <\/li>\n                                <li>\u2022 Baies d'\u00e9nergie DC secourue <\/li>\n                                <li>\u2022 Courants forts & faibles<\/li>\n                            <\/ul>\n                        <\/div>\n                    <\/div>\n                    <p class=\"text-slate-500 font-medium italic underline decoration-erofOrange decoration-2 uppercase text-xs tracking-widest\">\n                        Infrastructures & \u00c9lectricit\u00e9 b\u00e2timents \n                    <\/p>\n                <\/div>\n                <div class=\"lg:w-1\/2 relative\">\n                    <img decoding=\"async\" src=\"\/wp-content\/uploads\/2026\/01\/40.jpg\" alt=\"Electricit\u00e9\" class=\"rounded-[3rem] shadow-2xl !rounded-3xl\">\n                    <div class=\"absolute -bottom-6 -right-6 bg-erofBlueDark p-8 rounded-3xl text-white shadow-xl\">\n                        <span class=\"text-3xl font-black text-erofOrange\">Schneider F400<\/span>\n                        <p class=\"text-[10px] uppercase tracking-widest opacity-60 mt-1\">\u00c9quipement Standard <\/p>\n                    <\/div>\n                <\/div>\n            <\/div>\n        <\/div>\n    <\/section>\n\n    <section class=\"py-24 bg-erofBlueDark text-white overflow-hidden\">\n        <div class=\"container mx-auto px-6\">\n            <div class=\"flex flex-col-reverse lg:flex-row gap-16 items-center\">\n                <div class=\"lg:w-1\/2\">\n                    <div class=\"grid grid-cols-2 gap-4\">\n                        <img decoding=\"async\" src=\"\/wp-content\/uploads\/2026\/01\/41.jpg\" class=\"!rounded-3xl shadow-lg border border-white\/10\" alt=\"Fibre Optique\">\n                        <img decoding=\"async\" src=\"\/wp-content\/uploads\/2026\/01\/35.jpg\" class=\"!rounded-3xl shadow-lg border border-white\/10 mt-8\" alt=\"Datacenter\">\n                    <\/div>\n                <\/div>\n                <div class=\"lg:w-1\/2 space-y-8\">\n                    <div class=\"w-20 h-20 bg-erofOrange rounded-3xl flex items-center justify-center text-white text-4xl shadow-lg\">\n                        <i class=\"fas fa-tower-cell\"><\/i>\n                    <\/div>\n                    <h3 class=\"text-5xl font-black tracking-tighter italic text-white\">R\u00e9seaux de <br>Telecommunications<\/h3>\n                    <p class=\"text-lg text-slate-400\">Partenaire de premier plan pour le d\u00e9ploiement des infrastructures de communication modernes.<\/p>\n                    \n                    <div class=\"space-y-6\">\n                        <div class=\"flex gap-6 items-start\">\n                            <div class=\"bg-white\/10 p-3 rounded-xl\"><i class=\"fas fa-circle-nodes text-erofOrange\"><\/i><\/div>\n                            <div>\n                                <h4 class=\"font-bold text-x text-white\">Fibre Optique & Backbone<\/h4>\n                                <p class=\"text-sm text-slate-400\">R\u00e9seaux de transport et distribution m\u00e9tropolitains.<\/p>\n                            <\/div>\n                        <\/div>\n                        <div class=\"flex gap-6 items-start\">\n                            <div class=\"bg-white\/10 p-3 rounded-xl\"><i class=\"fas fa-server text-erofOrange\"><\/i><\/div>\n                            <div>\n                                <h4 class=\"font-bold text-xl text-white\">Infrastructures IT Complexes<\/h4>\n                                <p class=\"text-sm text-slate-400\">Datacenters, locaux techniques et b\u00e2timents administratifs.<\/p>\n                            <\/div>\n                        <\/div>\n                    <\/div>\n\n                    <div class=\"p-8 bg-white\/5 border border-white\/10 rounded-[2.5rem]\">\n                        <h4 class=\"text-xs font-bold uppercase tracking-[0.3em] text-erofOrange mb-6\">\u00c9quipements Fournis <\/h4>\n                        <div class=\"flex flex-wrap gap-3\">\n                            <span class=\"px-4 py-2 bg-white\/5 rounded-full text-xs border border-white\/10\">Serveurs \/ Routeurs<\/span>\n                            <span class=\"px-4 py-2 bg-white\/5 rounded-full text-xs border border-white\/10\">Modules FTTx<\/span>\n                            <span class=\"px-4 py-2 bg-white\/5 rounded-full text-xs border border-white\/10\">Tiroirs \/ Jarreti\u00e8res<\/span>\n                            <span class=\"px-4 py-2 bg-white\/5 rounded-full text-xs border border-white\/10\">C\u00e2bles Cuivre & Optiques<\/span>\n                        <\/div>\n                    <\/div>\n                <\/div>\n            <\/div>\n        <\/div>\n    <\/section>\n\n    <section class=\"py-24 bg-slate-50\">\n        <div class=\"container mx-auto px-6\">\n            <div class=\"text-center mb-20\">\n                <h2 class=\"text-erofOrange font-black uppercase tracking-widest text-xs mb-4 italic\">Operational Excellence<\/h2>\n                <h3 class=\"text-5xl lg:text-6xl font-black text-erofBlueDark\">Pose M\u00e9canis\u00e9e <span class=\"text-erofBlue italic\">MARAIS<\/span><\/h3>\n            <\/div>\n\n            <div class=\"grid lg:grid-cols-2 gap-12 items-center mb-20\">\n                <div class=\"relative rounded-[3rem] overflow-hidden shadow-2xl group\">\n                    <img decoding=\"async\" src=\"\/wp-content\/uploads\/2026\/01\/9.jpg\" class=\"w-full transition duration-700 group-hover:scale-110\" alt=\"Machine Marais\">\n                    <div class=\"absolute inset-0 bg-gradient-to-t from-erofBlueDark via-transparent to-transparent opacity-60\"><\/div>\n                    <div class=\"absolute bottom-10 left-10\">\n                        <div class=\"text-5xl font-black text-white italic\">1.60M<\/div>\n                        <p class=\"text-xs uppercase tracking-[0.3em] text-erofOrange font-bold\">Profondeur de tranchage <\/p>\n                    <\/div>\n                <\/div>\n                <div class=\"space-y-8\">\n                    <h4 class=\"text-3xl font-black text-erofBlueDark\">Un processus int\u00e9gr\u00e9 en 5 phases simultan\u00e9es <\/h4>\n                    <div class=\"space-y-4\">\n                        <div class=\"flex items-center gap-6 p-6 bg-white rounded-2xl shadow-sm border-l-8 border-erofOrange\">\n                            <span class=\"text-3xl font-black text-slate-200 italic\">01<\/span>\n                            <p class=\"font-bold text-slate-700\">Tranchage du sol \u00e0 profondeur d\u00e9finie<\/p>\n                        <\/div>\n                        <div class=\"flex items-center gap-6 p-6 bg-white rounded-2xl shadow-sm border-l-8 border-erofBlue\">\n                            <span class=\"text-3xl font-black text-slate-200 italic\">02<\/span>\n                            <p class=\"font-bold text-slate-700\">Pose du r\u00e9seau (c\u00e2ble\/tube) simultan\u00e9e<\/p>\n                        <\/div>\n                        <div class=\"flex items-center gap-6 p-6 bg-white rounded-2xl shadow-sm border-l-8 border-erofOrange\">\n                            <span class=\"text-3xl font-black text-slate-200 italic\">03<\/span>\n                            <p class=\"font-bold text-slate-700\">Remblai partiel avec mat\u00e9riaux fins cribl\u00e9s <\/p>\n                        <\/div>\n                        <div class=\"flex items-center gap-6 p-6 bg-white rounded-2xl shadow-sm border-l-8 border-erofBlue\">\n                            <span class=\"text-3xl font-black text-slate-200 italic\">04<\/span>\n                            <p class=\"font-bold text-slate-700\">Pose \u00e0 profondeur du grillage avertisseur<\/p>\n                        <\/div>\n                        <div class=\"flex items-center gap-6 p-6 bg-white rounded-2xl shadow-sm border-l-8 border-erofOrange\">\n                            <span class=\"text-3xl font-black text-slate-200 italic\">05<\/span>\n                            <p class=\"font-bold text-slate-700\">Compactage final au patin vibrant<\/p>\n                        <\/div>\n                    <\/div>\n                <\/div>\n            <\/div>\n\n            <div class=\"grid md:grid-cols-3 gap-8\">\n                <div class=\"p-10 bg-erofBlueDark rounded-[2.5rem] text-white\">\n                    <h5 class=\"text-erofOrange font-bold mb-4 uppercase text-xs tracking-widest\">Capacit\u00e9 de Portage <\/h5>\n                    <p class=\"text-3xl font-black italic\">5 Tons<\/p>\n                    <p class=\"text-sm text-slate-400 mt-2\">Poids maximal par touret<\/p>\n                <\/div>\n                <div class=\"p-10 bg-white rounded-[2.5rem] border border-slate-200\">\n                    <h5 class=\"text-erofBlue font-bold mb-4 uppercase text-xs tracking-widest\">Flexibilit\u00e9 <\/h5>\n                    <p class=\"text-xl font-bold italic\">Milieu Urbain & Rural<\/p>\n                    <p class=\"text-sm text-slate-500 mt-2\">Micro-tranch\u00e9es & D\u00e9ploiements brousse<\/p>\n                <\/div>\n                <div class=\"p-10 bg-white rounded-[2.5rem] border border-slate-200\">\n                    <h5 class=\"text-erofBlue font-bold mb-4 uppercase text-xs tracking-widest\">Pr\u00e9cision [cite: 154]<\/h5>\n                    <p class=\"text-xl font-bold italic\">G\u00e9or\u00e9f\u00e9rencement<\/p>\n                    <p class=\"text-sm text-slate-500 mt-2\">R\u00e9colement instantan\u00e9 par GPS<\/p>\n                <\/div>\n            <\/div>\n        <\/div>\n    <\/section>\n\n    <section class=\"py-24 bg-white\">\n        <div class=\"container mx-auto px-6\">\n            <div class=\"grid lg:grid-cols-2 gap-8\">\n                <div class=\"bg-slate-50 rounded-[3rem] p-12 space-y-8\">\n                    <div class=\"w-16 h-16 bg-blue-500 text-white rounded-2xl flex items-center justify-center text-3xl shadow-xl\">\n                        <i class=\"fas fa-droplet\"><\/i>\n                    <\/div>\n                    <h3 class=\"text-4xl font-black text-erofBlueDark italic uppercase tracking-tighter\">Eau & Assainissement (AEPS)<\/h3>\n                    <div class=\"space-y-4\">\n                        <div class=\"flex gap-4 p-4 bg-white rounded-2xl shadow-sm\">\n                            <i class=\"fas fa-pen-ruler text-erofOrange\"><\/i>\n                            <p class=\"text-sm font-bold\">Conception & \u00c9tudes techniques AEPS <\/p>\n                        <\/div>\n                        <div class=\"flex gap-4 p-4 bg-white rounded-2xl shadow-sm\">\n                            <i class=\"fas fa-helmet-safety text-erofOrange\"><\/i>\n                            <p class=\"text-sm font-bold\">R\u00e9alisation & Suivi-contr\u00f4le DURABLE <\/p>\n                        <\/div>\n                        <div class=\"flex gap-4 p-4 bg-white rounded-2xl shadow-sm\">\n                            <i class=\"fas fa-leaf text-erofOrange\"><\/i>\n                            <p class=\"text-sm font-bold\">Gestion environnementale & S\u00e9curit\u00e9<\/p>\n                        <\/div>\n                    <\/div>\n                <\/div>\n\n                <div class=\"bg-erofBlueDark rounded-[3rem] p-12 space-y-8 text-white\">\n                    <div class=\"w-16 h-16 bg-erofOrange text-white rounded-2xl flex items-center justify-center text-3xl shadow-xl\">\n                        <i class=\"fas fa-building-shield\"><\/i>\n                    <\/div>\n                    <h3 class=\"text-4xl font-black italic uppercase tracking-tighter text-white\">BTP & G\u00e9nie Civil<\/h3>\n                    <div class=\"grid grid-cols-2 gap-4\">\n                        <div class=\"p-6 bg-white\/5 border border-white\/10 rounded-2xl\">\n                            <h5 class=\"text-xs font-black text-erofOrange mb-2 uppercase\">Conception [cite: 179-182]<\/h5>\n                            <p class=\"text-xs text-slate-400 leading-relaxed\">Calcul de structure, architecture & quotation technique.<\/p>\n                        <\/div>\n                        <div class=\"p-6 bg-white\/5 border border-white\/10 rounded-2xl\">\n                            <h5 class=\"text-xs font-black text-erofOrange mb-2 uppercase\">Routes [cite: 186]<\/h5>\n                            <p class=\"text-xs text-slate-400 leading-relaxed\">Route bitum\u00e9e et en terre (Ouverture de pistes).<\/p>\n                        <\/div>\n                    <\/div>\n                    <div class=\"pt-4\">\n                        <h5 class=\"text-xs font-black text-white mb-4 uppercase\">S\u00e9curit\u00e9 Technique & Clim [cite: 189-191]<\/h5>\n                        <div class=\"flex gap-4\">\n                            <span class=\"px-4 py-2 bg-erofOrange rounded-xl text-xs font-black\">Vid\u00e9osurveillance<\/span>\n                            <span class=\"px-4 py-2 bg-erofBlue rounded-xl text-xs font-black\">Contr\u00f4le d'acc\u00e8s<\/span>\n                        <\/div>\n                    <\/div>\n                <\/div>\n            <\/div>\n        <\/div>\n    <\/section>\n\n\t\t\t\t<\/div>\n\t\t\t\t<\/div>\n\t\t\t\t<\/div>","protected":false},"excerpt":{"rendered":"<p>Domaines d&rsquo;Intervention L&rsquo;Ing\u00e9nierie Sans Limites. EROF SA d\u00e9ploie une expertise pluridisciplinaire pour g\u00e9rer des projets complexes de bout en bout, en garantissant coh\u00e9rence et efficacit\u00e9 \u00e0 chaque \u00e9tape. \u00c9nergie &#038; \u00c9lectricit\u00e9 Expertise pointue couvrant l&rsquo;ensemble des besoins en alimentation et distribution \u00e9lectrique. R\u00e9seaux de Transport \u2022 Haute Tension (HTA) \u2022 Moyenne Tension (MTA) \u2022 Basse [&hellip;]<\/p>","protected":false},"author":1,"featured_media":0,"parent":0,"menu_order":0,"comment_status":"closed","ping_status":"closed","template":"elementor_header_footer","meta":{"footnotes":""},"class_list":["post-591","page","type-page","status-publish","hentry"],"blocksy_meta":[],"_links":{"self":[{"href":"https:\/\/erof-bf.com\/en\/wp-json\/wp\/v2\/pages\/591","targetHints":{"allow":["GET"]}}],"collection":[{"href":"https:\/\/erof-bf.com\/en\/wp-json\/wp\/v2\/pages"}],"about":[{"href":"https:\/\/erof-bf.com\/en\/wp-json\/wp\/v2\/types\/page"}],"author":[{"embeddable":true,"href":"https:\/\/erof-bf.com\/en\/wp-json\/wp\/v2\/users\/1"}],"replies":[{"embeddable":true,"href":"https:\/\/erof-bf.com\/en\/wp-json\/wp\/v2\/comments?post=591"}],"version-history":[{"count":67,"href":"https:\/\/erof-bf.com\/en\/wp-json\/wp\/v2\/pages\/591\/revisions"}],"predecessor-version":[{"id":968,"href":"https:\/\/erof-bf.com\/en\/wp-json\/wp\/v2\/pages\/591\/revisions\/968"}],"wp:attachment":[{"href":"https:\/\/erof-bf.com\/en\/wp-json\/wp\/v2\/media?parent=591"}],"curies":[{"name":"wp","href":"https:\/\/api.w.org\/{rel}","templated":true}]}}