{"id":38,"date":"2025-11-22T12:08:27","date_gmt":"2025-11-22T11:08:27","guid":{"rendered":"https:\/\/erof-bf.com\/?page_id=38"},"modified":"2026-02-17T10:59:20","modified_gmt":"2026-02-17T09:59:20","slug":"a-propos","status":"publish","type":"page","link":"https:\/\/erof-bf.com\/en\/a-propos\/","title":{"rendered":"About us"},"content":{"rendered":"<div data-elementor-type=\"wp-page\" data-elementor-id=\"38\" class=\"elementor elementor-38\">\n\t\t\t\t<div class=\"elementor-element elementor-element-aed602e e-con-full e-flex e-con e-parent\" data-id=\"aed602e\" data-element_type=\"container\">\n\t\t\t\t<div class=\"elementor-element elementor-element-c5d15d3 elementor-widget elementor-widget-html\" data-id=\"c5d15d3\" data-element_type=\"widget\" data-widget_type=\"html.default\">\n\t\t\t\t\t<section class=\"relative pt-32 pb-20 lg:pt-48 lg:pb-32 bg-erofBlueDark overflow-hidden text-white\">\n        <div class=\"container mx-auto px-6 grid lg:grid-cols-2 gap-16 items-center relative z-10\">\n            <div class=\"space-y-8\">\n                <div class=\"inline-block px-4 py-1 bg-erofOrange\/20 border border-erofOrange\/30 rounded-full text-erofOrange text-xs font-bold uppercase tracking-widest\">\n                    Turnkey Expertise &amp; Vision \n                <\/div>\n                <h1 class=\"text-5xl lg:text-7xl font-black leading-tight text-white\">\n                    Your strategic partner <br><span class=\"text-erofBlue\">depuis 2006.<\/span>\n                <\/h1>\n                <p class=\"text-xl text-slate-400\">\n                    EROF SA is a major player in the development of essential infrastructure in Burkina Faso, from engineering to implementation.\n                <\/p>\n            <\/div>\n            <div class=\"grid grid-cols-2 gap-4\">\n                <img decoding=\"async\" src=\"\/wp-content\/uploads\/2026\/01\/15.jpg\" class=\"!rounded-[2rem] shadow-2xl h-64 w-full object-cover\" alt=\"Chantier\">\n                <img decoding=\"async\" src=\"\/wp-content\/uploads\/2026\/01\/40.jpg\" class=\"!rounded-[2rem] shadow-2xl h-64 w-full object-cover translate-y-8\" alt=\"Infrastructure\">\n            <\/div>\n        <\/div>\n    <\/section>\n\n   \n\n    <section id=\"expertises\" class=\"py-24 bg-white\">\n        <div class=\"container mx-auto px-6\">\n            <h3 class=\"text-4xl font-black text-erofBlueDark mb-16 italic\">Our areas of expertise<\/h3>\n            \n            <div class=\"grid lg:grid-cols-2 gap-8\">\n                <div class=\"flex flex-col md:flex-row bg-slate-50 rounded-[2.5rem] overflow-hidden border border-slate-100\">\n                    <div class=\"md:w-1\/2 p-10\">\n                        <i class=\"fas fa-bolt text-4xl text-erofOrange mb-6\"><\/i>\n                        <h4 class=\"text-2xl font-black mb-4\">Energy &amp; Electricity <\/h4>\n                        <ul class=\"space-y-3 text-sm text-slate-600\">\n                            <li>- HTA\/MTA\/BTA networks <\/li>\n                            <li>- High &amp; low current<\/li>\n                            <li>- Generators &amp; DC Bays <\/li>\n                            <li>- Building electricity <\/li>\n                        <\/ul>\n                    <\/div>\n                    <div class=\"md:w-1\/2\">\n                        <img decoding=\"async\" src=\"\/wp-content\/uploads\/2026\/01\/41.jpg\" class=\"!h-full !w-full object-cover\" alt=\"\u00c9nergie\">\n                    <\/div>\n                <\/div>\n\n                <div class=\"flex flex-col md:flex-row bg-erofBlueDark rounded-[2.5rem] overflow-hidden text-white\">\n                    <div class=\"md:w-1\/2 p-10\">\n                        <i class=\"fas fa-tower-cell text-4xl text-erofOrange mb-6\"><\/i>\n                        <h4 class=\"text-2xl font-black mb-4 text-white\">Telecommunications<\/h4>\n                        <ul class=\"space-y-3 text-sm text-slate-400\">\n                            <li>- Backbone &amp; Networks Metro<\/li>\n                            <li>- Fiber Optics &amp; Copper Wiring [cite: 160]<\/li>\n                            <li>- Passive equipment &amp; FTTx networks <\/li>\n                            <li>- Servers, Routers &amp; Switches <\/li>\n                        <\/ul>\n                    <\/div>\n                    <div class=\"md:w-1\/2\">\n                        <img decoding=\"async\" src=\"\/wp-content\/uploads\/2026\/01\/12.jpg\" class=\"!h-full !w-full object-cover opacity-80\" alt=\"T\u00e9l\u00e9coms\">\n                    <\/div>\n                <\/div>\n\n                <div class=\"flex flex-col md:flex-row bg-slate-50 rounded-[2.5rem] overflow-hidden border border-slate-100\">\n                    <div class=\"md:w-1\/2\">\n                        <img decoding=\"async\" src=\"https:\/\/erof-bf.com\/wp-content\/uploads\/2026\/01\/15.jpg\" class=\"!h-full !w-full object-cover\" alt=\"Eau\">\n                    <\/div>\n                    <div class=\"md:w-1\/2 p-10\">\n                        <i class=\"fas fa-droplet text-4xl text-blue-500 mb-6\"><\/i>\n                        <h4 class=\"text-2xl font-black mb-4\">Water &amp; Sanitation <\/h4>\n                        <ul class=\"space-y-3 text-sm text-slate-600\">\n                            <li>- Designing water supply projects<\/li>\n                            <li>- Production &amp; Monitoring &amp; Control [cite: 174]<\/li>\n                            <li>- Technical and environmental safety <\/li>\n                            <li>- Road drainage <\/li>\n                        <\/ul>\n                    <\/div>\n                <\/div>\n\n                <div class=\"flex flex-col md:flex-row bg-erofBlue rounded-[2.5rem] overflow-hidden text-white\">\n                    <div class=\"md:w-1\/2\">\n                        <img decoding=\"async\" src=\"\/wp-content\/uploads\/2026\/01\/13.jpg\" class=\"!h-full !w-full object-cover opacity-90\" alt=\"BTP\">\n                    <\/div>\n                    <div class=\"md:w-1\/2 p-10\">\n                        <i class=\"fas fa-building text-4xl text-erofOrange mb-6\"><\/i>\n                        <h4 class=\"text-2xl font-black mb-4 text-white\">Construction &amp; Safety<\/h4>\n                        <ul class=\"space-y-3 text-sm text-slate-300\">\n                            <li>- Architectural &amp; Structural Studies <\/li>\n                            <li>- Construction Datacenters &amp; Roads <\/li>\n                            <li>- Video surveillance &amp; Access control <\/li>\n                            <li>- Air conditioning <\/li>\n                        <\/ul>\n                    <\/div>\n                <\/div>\n            <\/div>\n        <\/div>\n    <\/section>\n\n    <section id=\"innovation\" class=\"py-24 bg-slate-900 text-white overflow-hidden\">\n        <div class=\"container mx-auto px-6\">\n            <div class=\"grid lg:grid-cols-2 gap-16 items-center\">\n                <div>\n                    <h2 class=\"text-erofOrange font-black uppercase tracking-[0.3em] text-xs mb-4\">Processus Marais <\/h2>\n                    <h3 class=\"text-5xl font-black italic mb-8 italic text-white\">Simultaneity &amp; Precision <\/h3>\n                    <p class=\"text-slate-400 text-lg mb-10 leading-relaxed\">\n                        The MARAIS technological advantage makes it possible to open, lay and close a trench in a single continuous operation.\n                    <\/p>\n                    \n                    <div class=\"grid gap-4\">\n                        <div class=\"flex items-center gap-6 p-6 bg-white\/5 rounded-2xl border border-white\/10 card-reveal\">\n                            <span class=\"w-12 h-12 rounded-xl bg-erofOrange flex items-center justify-center font-black\">01<\/span>\n                            <div>\n                                <h4 class=\"font-bold text-white\">Slicing &amp; Immediate installation <\/h4>\n                                <p class=\"text-xs text-slate-500\">Precise installation to the required depth (up to 1.60m).<\/p>\n                            <\/div>\n                        <\/div>\n                        <div class=\"flex items-center gap-6 p-6 bg-white\/5 rounded-2xl border border-white\/10 card-reveal\">\n                            <span class=\"w-12 h-12 rounded-xl bg-erofBlue flex items-center justify-center font-black\">02<\/span>\n                            <div>\n                                <h4 class=\"font-bold text-white\">Coating &amp; Screening <\/h4>\n                                <p class=\"text-xs text-slate-500\">Protection of the network with fine screened materials.<\/p>\n                            <\/div>\n                        <\/div>\n                        <div class=\"flex items-center gap-6 p-6 bg-white\/5 rounded-2xl border border-white\/10 card-reveal\">\n                            <span class=\"w-12 h-12 rounded-xl bg-slate-700 flex items-center justify-center font-black\">03<\/span>\n                            <div>\n                                <h4 class=\"font-bold text-white\">Mesh &amp; Compaction <\/h4>\n                                <p class=\"text-xs text-slate-500\">Safety signs and vibrating shoe compaction.<\/p>\n                            <\/div>\n                        <\/div>\n                    <\/div>\n                <\/div>\n                <div class=\"relative\">\n                    <img decoding=\"async\" src=\"https:\/\/erof-bf.com\/wp-content\/uploads\/2026\/01\/33.jpg\" class=\"!rounded-[3rem] shadow-2xl border-8 border-white\/10\" alt=\"Machine Marais\">\n                    <div class=\"absolute -bottom-10 -right-10 bg-white p-10 rounded-[2.5rem] text-slate-900 shadow-2xl\">\n                        <div class=\"text-4xl font-black italic text-erofOrange mb-1\">5 Tons<\/div>\n                        <p class=\"text-xs font-bold text-slate-400 uppercase tracking-widest leading-none\">Touret capacity <\/p>\n                    <\/div>\n                <\/div>\n            <\/div>\n        <\/div>\n    <\/section>\n\n    <section class=\"py-24 bg-white parc\">\n        <div class=\"container mx-auto px-6\">\n            <h3 class=\"text-4xl font-black text-erofBlueDark mb-16 italic\">Equipment &amp; Achievements<\/h3>\n            <div class=\"grid grid-cols-2 md:grid-cols-4 gap-6\">\n                <div class=\"space-y-6\">\n                    <img decoding=\"async\" src=\"https:\/\/erof-bf.com\/wp-content\/uploads\/2026\/01\/8.png\" class=\"rounded-[2rem] shadow-lg w-full aspect-square object-cover\" alt=\"Trancheuse\">\n                    <img decoding=\"async\" src=\"\/wp-content\/uploads\/2026\/01\/43.jpg\" class=\"rounded-[2rem] shadow-lg w-full aspect-video object-cover\" alt=\"Marais Wheel\">\n                <\/div>\n                <div class=\"space-y-6 pt-12\">\n                    <img decoding=\"async\" src=\"\/wp-content\/uploads\/2026\/01\/40.jpg\" class=\"rounded-[2rem] shadow-lg w-full aspect-video object-cover\" alt=\"Fibre Optique\">\n                    <img decoding=\"async\" src=\"https:\/\/erof-bf.com\/wp-content\/uploads\/2026\/01\/46.png\" class=\"rounded-[2rem] shadow-lg w-full aspect-square object-cover\" alt=\"\u00c9quipe\">\n                <\/div>\n                <div class=\"space-y-6\">\n                    <img decoding=\"async\" src=\"\/wp-content\/uploads\/2026\/01\/47.png\" class=\"rounded-[2rem] shadow-lg w-full aspect-square object-cover\" alt=\"\u00c9lectricit\u00e9\">\n                    <img decoding=\"async\" src=\"\/wp-content\/uploads\/2026\/01\/37.jpg\" class=\"rounded-[2rem] shadow-lg w-full aspect-video object-cover\" alt=\"Routes\">\n                <\/div>\n                <div class=\"space-y-6 pt-12\">\n                    <img decoding=\"async\" src=\"\/wp-content\/uploads\/2026\/01\/25.jpg\" class=\"rounded-[2rem] shadow-lg w-full aspect-video object-cover\" alt=\"Rural Network\">\n                    <img decoding=\"async\" src=\"\/wp-content\/uploads\/2026\/01\/10.jpg\" class=\"rounded-[2rem] shadow-lg w-full aspect-square object-cover\" alt=\"AEPS\">\n                <\/div>\n            <\/div>\n        <\/div>\n    <\/section>\n\n\n\n    <section id=\"contact\" class=\"py-24 bg-mesh\">\n        <div class=\"container mx-auto px-6\">\n            <div class=\"bg-erofBlueDark rounded-[3rem] p-12 lg:p-20 text-white relative overflow-hidden shadow-2xl\">\n                <div class=\"grid lg:grid-cols-2 gap-20 relative z-10\">\n                    <div class=\"space-y-8\">\n                        <h3 class=\"text-5xl font-black italic text-white\">Building the future <br><span class=\"text-erofOrange italic\">together.<\/span><\/h3>\n                        <p class=\"text-slate-400\">EROF SA, YOUR PARTNER IN THE REALIZATION OF YOUR PROJECTS.<\/p>\n                        <div class=\"space-y-6\">\n                            <div class=\"flex items-center gap-4\">\n                                <i class=\"fas fa-location-dot text-erofOrange text-2xl\"><\/i>\n                                <p class=\"text-sm\">Head Office: OUAGADOUGOU | 17 BP 352 <\/p>\n                            <\/div>\n                            <div class=\"flex items-center gap-4\">\n                                <i class=\"fas fa-phone text-erofOrange text-2xl\"><\/i>\n                                <div>\n                                    <p class=\"text-sm\">(00226) 63 53 80 80 \/ 25 34 37 29 <\/p>\n                                    <p class=\"text-xs text-slate-500\">Mobile: 78 87 28 38 \/ 76 14 02 06<\/p>\n                                <\/div>\n                            <\/div>\n                        <\/div>\n                    <\/div>\n                    <div class=\"bg-white rounded-[2rem] p-10 text-slate-900 shadow-xl\">\n                        <h4 class=\"text-2xl font-black mb-8 italic uppercase tracking-tighter\">SA status <\/h4>\n                        <div class=\"space-y-6 text-sm\">\n                            <div class=\"flex justify-between border-b pb-4\">\n                                <span class=\"text-slate-400 font-bold uppercase tracking-widest text-[10px]\">CNSS affiliation<\/span>\n                                <span class=\"font-black\">244857Z<\/span>\n                            <\/div>\n                            <div class=\"flex justify-between border-b pb-4\">\n                                <span class=\"text-slate-400 font-bold uppercase tracking-widest text-[10px]\">Tax identification <\/span>\n                                <span class=\"font-black\">00069171G<\/span>\n                            <\/div>\n                            <div class=\"flex justify-between pb-4\">\n                                <span class=\"text-slate-400 font-bold uppercase tracking-widest text-[10px]\">Official Email<\/span>\n                                <span class=\"font-black text-erofBlue\">youssouf.roamba@erof-bf.com<\/span>\n                            <\/div>\n                            <a hhref=\"\/contact\" class=\"w-full bg-erofOrange text-white py-5 rounded-2xl font-black text-lg hover:scale-[1.02] transition shadow-lg shadow-erofOrange\/30\">STARTING A COLLABORATION<\/a>\n                        <\/div>\n                    <\/div>\n                <\/div>\n            <\/div>\n        <\/div>\n    <\/section>\n\t\t\t\t<\/div>\n\t\t\t\t<\/div>\n\t\t\t\t<\/div>","protected":false},"excerpt":{"rendered":"<p>Expertise &#038; Vision Cl\u00e9s en Main Votre partenaire strat\u00e9gique depuis 2006. EROF SA se positionne comme un acteur majeur dans le d\u00e9veloppement des infrastructures essentielles au Burkina Faso, de l&rsquo;ing\u00e9nierie \u00e0 la r\u00e9alisation. Nos Domaines d&rsquo;Intervention \u00c9nergie &#038; \u00c9lectricit\u00e9 \u2022 R\u00e9seaux HTA\/MTA\/BTA \u2022 Courant fort &#038; Courant faible \u2022 Groupes \u00e9lectrog\u00e8nes &#038; Baies DC \u2022 [&hellip;]<\/p>","protected":false},"author":1,"featured_media":0,"parent":0,"menu_order":0,"comment_status":"closed","ping_status":"closed","template":"elementor_header_footer","meta":{"footnotes":""},"class_list":["post-38","page","type-page","status-publish","hentry"],"blocksy_meta":[],"_links":{"self":[{"href":"https:\/\/erof-bf.com\/en\/wp-json\/wp\/v2\/pages\/38","targetHints":{"allow":["GET"]}}],"collection":[{"href":"https:\/\/erof-bf.com\/en\/wp-json\/wp\/v2\/pages"}],"about":[{"href":"https:\/\/erof-bf.com\/en\/wp-json\/wp\/v2\/types\/page"}],"author":[{"embeddable":true,"href":"https:\/\/erof-bf.com\/en\/wp-json\/wp\/v2\/users\/1"}],"replies":[{"embeddable":true,"href":"https:\/\/erof-bf.com\/en\/wp-json\/wp\/v2\/comments?post=38"}],"version-history":[{"count":79,"href":"https:\/\/erof-bf.com\/en\/wp-json\/wp\/v2\/pages\/38\/revisions"}],"predecessor-version":[{"id":1221,"href":"https:\/\/erof-bf.com\/en\/wp-json\/wp\/v2\/pages\/38\/revisions\/1221"}],"wp:attachment":[{"href":"https:\/\/erof-bf.com\/en\/wp-json\/wp\/v2\/media?parent=38"}],"curies":[{"name":"wp","href":"https:\/\/api.w.org\/{rel}","templated":true}]}}